{"id":2114,"date":"2020-05-02T08:59:05","date_gmt":"2020-05-02T08:59:05","guid":{"rendered":"http:\/\/rstheme.com\/products\/wordpress\/reobiz\/?page_id=2114"},"modified":"2021-04-19T02:59:49","modified_gmt":"2021-04-18T23:59:49","slug":"hakkimizda","status":"publish","type":"page","link":"https:\/\/www.wtdemo.link\/deka\/hakkimizda\/","title":{"rendered":"HAKKIMIZDA"},"content":{"rendered":"\t\t<div data-elementor-type=\"wp-page\" data-elementor-id=\"2114\" class=\"elementor elementor-2114\" data-elementor-settings=\"[]\">\n\t\t\t\t\t\t\t<div class=\"elementor-section-wrap\">\n\t\t\t\t\t\t\t<section class=\"elementor-section elementor-top-section elementor-element elementor-element-24f14fa elementor-section-full_width elementor-section-content-middle elementor-section-stretched elementor-section-height-default elementor-section-height-default\" data-id=\"24f14fa\" data-element_type=\"section\" data-settings=\"{&quot;stretch_section&quot;:&quot;section-stretched&quot;,&quot;background_background&quot;:&quot;classic&quot;}\">\n\t\t\t\t\t\t<div class=\"elementor-container elementor-column-gap-wide\">\n\t\t\t\t\t<div class=\"elementor-column elementor-col-25 elementor-top-column elementor-element elementor-element-2857fe6 animated-slow elementor-invisible\" data-id=\"2857fe6\" data-element_type=\"column\" data-settings=\"{&quot;animation&quot;:&quot;fadeInUp&quot;,&quot;animation_delay&quot;:500}\">\n\t\t\t<div class=\"elementor-widget-wrap\">\n\t\t\t\t\t\t\t\t\t<\/div>\n\t\t<\/div>\n\t\t\t\t<div class=\"elementor-column elementor-col-25 elementor-top-column elementor-element elementor-element-abfbb91 animated-slow elementor-invisible\" data-id=\"abfbb91\" data-element_type=\"column\" data-settings=\"{&quot;animation&quot;:&quot;fadeInUp&quot;,&quot;animation_delay&quot;:500}\">\n\t\t\t<div class=\"elementor-widget-wrap elementor-element-populated\">\n\t\t\t\t\t\t\t\t<div class=\"elementor-element elementor-element-7771c88 elementor-widget elementor-widget-image\" data-id=\"7771c88\" data-element_type=\"widget\" data-widget_type=\"image.default\">\n\t\t\t\t<div class=\"elementor-widget-container\">\n\t\t\t\t\t<div class=\"elementor-image\">\n\t\t\t\t\t\t\t\t\t\t<img width=\"640\" height=\"640\" src=\"https:\/\/www.wtdemo.link\/deka\/wp-content\/uploads\/2021\/04\/dekahakkimizda-1024x1024.png\" class=\"attachment-large size-large\" alt=\"\" loading=\"lazy\" srcset=\"https:\/\/www.wtdemo.link\/deka\/wp-content\/uploads\/2021\/04\/dekahakkimizda-1024x1024.png 1024w, https:\/\/www.wtdemo.link\/deka\/wp-content\/uploads\/2021\/04\/dekahakkimizda-300x300.png 300w, https:\/\/www.wtdemo.link\/deka\/wp-content\/uploads\/2021\/04\/dekahakkimizda-150x150.png 150w, https:\/\/www.wtdemo.link\/deka\/wp-content\/uploads\/2021\/04\/dekahakkimizda-768x768.png 768w, https:\/\/www.wtdemo.link\/deka\/wp-content\/uploads\/2021\/04\/dekahakkimizda-500x500.png 500w, https:\/\/www.wtdemo.link\/deka\/wp-content\/uploads\/2021\/04\/dekahakkimizda-600x600.png 600w, https:\/\/www.wtdemo.link\/deka\/wp-content\/uploads\/2021\/04\/dekahakkimizda-100x100.png 100w, https:\/\/www.wtdemo.link\/deka\/wp-content\/uploads\/2021\/04\/dekahakkimizda.png 1200w\" sizes=\"(max-width: 640px) 100vw, 640px\" \/>\t\t\t\t\t\t\t\t\t\t\t<\/div>\n\t\t\t\t<\/div>\n\t\t\t\t<\/div>\n\t\t\t\t\t<\/div>\n\t\t<\/div>\n\t\t\t\t<div class=\"elementor-column elementor-col-25 elementor-top-column elementor-element elementor-element-6846ed5\" data-id=\"6846ed5\" data-element_type=\"column\">\n\t\t\t<div class=\"elementor-widget-wrap elementor-element-populated\">\n\t\t\t\t\t\t\t\t<div class=\"elementor-element elementor-element-5dad34a elementor-widget elementor-widget-rs-heading\" data-id=\"5dad34a\" data-element_type=\"widget\" data-widget_type=\"rs-heading.default\">\n\t\t\t\t<div class=\"elementor-widget-container\">\n\t\t\t        <div class=\"rs-heading default  \">\r\n        \t<div class=\"title-inner\">\r\n        \t\t      \t\t\r\n\t            <span class=\"sub-text \">HAKKIMIZDA<\/span><h2 class=\"title\"><span class=\"watermark\"><\/span>DEKA TES\u0130SAT<\/h2>\t        <\/div>\r\n\t                    \t<div class=\"description\">\r\n            \t\t<div id=\"text-1\" class=\"widget icon-list widget_text\"><div class=\"textwidget\"><p>Ku\u015fadas\u0131 , Ayd\u0131n , Didim , Bodrum , Milas ve S\u00f6ke B\u00f6lgelerinde profesyonel , uygun fiyatl\u0131 , g\u00fcvenilir s\u0131hhi tesisat hizmetleri.<\/p><\/div><\/div>            \t\t\r\n            \t<\/div>\r\n        \t        <\/div>\r\n\r\n        \t\t<\/div>\n\t\t\t\t<\/div>\n\t\t\t\t<div class=\"elementor-element elementor-element-faa07e1 elementor-widget elementor-widget-rsfeatureslist\" data-id=\"faa07e1\" data-element_type=\"widget\" data-widget_type=\"rsfeatureslist.default\">\n\t\t\t\t<div class=\"elementor-widget-container\">\n\t\t\t \n\n        <div class=\"rs-features-list-content\">        \n\n                                    <ul class=\"rs-features-list\">\n                                                    <li class=\"elementor-repeater-item-7006b61\">\n                                                                    <i class=\"fa fa-check-circle-o\"><\/i>\n                                                                <span class=\"rs-feature-text\">SIHH\u0130 TES\u0130SAT H\u0130ZMETLER\u0130<\/span>\n                            <\/li>\n                                                    <li class=\"elementor-repeater-item-6a52651\">\n                                                                    <i class=\"fa fa-check-circle-o\"><\/i>\n                                                                <span class=\"rs-feature-text\">KANAL A\u00c7MA H\u0130ZMETLER\u0130<\/span>\n                            <\/li>\n                                                    <li class=\"elementor-repeater-item-d5b5c53\">\n                                                                    <i class=\"fa fa-check-circle-o\"><\/i>\n                                                                <span class=\"rs-feature-text\">SU TES\u0130SATI H\u0130ZMETLER\u0130<\/span>\n                            <\/li>\n                                                    <li class=\"elementor-repeater-item-aa10752\">\n                                                                    <i class=\"fa fa-check-circle-o\"><\/i>\n                                                                <span class=\"rs-feature-text\">TAM\u0130RAT ve TAD\u0130LAT H\u0130ZMETLER\u0130<\/span>\n                            <\/li>\n                                            <\/ul>\n                            \n        <\/div>\n        \t\t<\/div>\n\t\t\t\t<\/div>\n\t\t\t\t<div class=\"elementor-element elementor-element-241f40b elementor-widget elementor-widget-rs-button\" data-id=\"241f40b\" data-element_type=\"widget\" data-widget_type=\"rs-button.default\">\n\t\t\t\t<div class=\"elementor-widget-container\">\n\t\t\t\t\r\n\t\t\r\n\t\t<div class=\"rs-btn\">\r\n\t\t\t\t\t\t<a class=\"readon rs_button\" href=\"\" >\t\t\t\t\r\n\t\t\t\t<span class=\"btn_text\">M\u00dc\u015eTER\u0130 H\u0130ZMETLER\u0130<\/span>\r\n\t\t\t\t\t\t\t<\/a>\r\n\t\t<\/div>    \r\n\t\t\t<\/div>\n\t\t\t\t<\/div>\n\t\t\t\t\t<\/div>\n\t\t<\/div>\n\t\t\t\t<div class=\"elementor-column elementor-col-25 elementor-top-column elementor-element elementor-element-320126a\" data-id=\"320126a\" data-element_type=\"column\">\n\t\t\t<div class=\"elementor-widget-wrap\">\n\t\t\t\t\t\t\t\t\t<\/div>\n\t\t<\/div>\n\t\t\t\t\t\t\t<\/div>\n\t\t<\/section>\n\t\t\t\t<section class=\"elementor-section elementor-top-section elementor-element elementor-element-45704ae elementor-section-stretched elementor-section-boxed elementor-section-height-default elementor-section-height-default\" data-id=\"45704ae\" data-element_type=\"section\" data-settings=\"{&quot;stretch_section&quot;:&quot;section-stretched&quot;,&quot;background_background&quot;:&quot;classic&quot;}\">\n\t\t\t\t\t\t<div class=\"elementor-container elementor-column-gap-extended\">\n\t\t\t\t\t<div class=\"elementor-column elementor-col-100 elementor-top-column elementor-element elementor-element-fedd228\" data-id=\"fedd228\" data-element_type=\"column\">\n\t\t\t<div class=\"elementor-widget-wrap elementor-element-populated\">\n\t\t\t\t\t\t\t\t<div class=\"elementor-element elementor-element-311d2bb elementor-widget elementor-widget-rs-heading\" data-id=\"311d2bb\" data-element_type=\"widget\" data-widget_type=\"rs-heading.default\">\n\t\t\t\t<div class=\"elementor-widget-container\">\n\t\t\t        <div class=\"rs-heading default center \">\r\n        \t<div class=\"title-inner\">\r\n        \t\t      \t\t\r\n\t            <span class=\"sub-text \">DEKA TES\u0130SAT PROJELER\u0130<\/span><h2 class=\"title\"><span class=\"watermark\"><\/span>SON 1 YILINDA NELER YAPTIK ?<\/h2>\t        <\/div>\r\n\t                <\/div>\r\n\r\n        \t\t<\/div>\n\t\t\t\t<\/div>\n\t\t\t\t<section class=\"elementor-section elementor-inner-section elementor-element elementor-element-ba33ce7 elementor-section-boxed elementor-section-height-default elementor-section-height-default\" data-id=\"ba33ce7\" data-element_type=\"section\">\n\t\t\t\t\t\t<div class=\"elementor-container elementor-column-gap-default\">\n\t\t\t\t\t<div class=\"elementor-column elementor-col-25 elementor-inner-column elementor-element elementor-element-3e6ec42\" data-id=\"3e6ec42\" data-element_type=\"column\">\n\t\t\t<div class=\"elementor-widget-wrap elementor-element-populated\">\n\t\t\t\t\t\t\t\t<div class=\"elementor-element elementor-element-57fa79f elementor-widget elementor-widget-rs-counter\" data-id=\"57fa79f\" data-element_type=\"widget\" data-widget_type=\"rs-counter.default\">\n\t\t\t\t<div class=\"elementor-widget-container\">\n\t\t\t\t\t<div class=\"counter-top-area style1\">\r\n\t\t    <div class=\"rs-counter-list\">\r\n\t\t    \t\r\n\t\t    \t\t\t    \t\t       \r\n\t\t\t    <div class=\"count-text\">\r\n\t\t\t    \t<div class=\"count-number\">\r\n\t\t\t    \t\t\t\t\t    \t\t\t<span class=\"rs-counter\"> 500<\/span>\r\n\t\t\t    \t\t<span class=\"prefix\">+<\/span>\t\t\t    \t<\/div>\r\n\r\n\t\t\t    \t\t\t\t    \t\t<span class=\"title\">  YILLIK MUTLU M\u00dc\u015eTER\u0130<\/span>\t\r\n\t\t\t    \t\t\r\n\r\n\t\t\t    <\/div>\r\n\t\t\t<\/div>\r\n\t\t<\/div>\t\t\r\n\t\t\t<\/div>\n\t\t\t\t<\/div>\n\t\t\t\t\t<\/div>\n\t\t<\/div>\n\t\t\t\t<div class=\"elementor-column elementor-col-25 elementor-inner-column elementor-element elementor-element-37a8e7c\" data-id=\"37a8e7c\" data-element_type=\"column\">\n\t\t\t<div class=\"elementor-widget-wrap elementor-element-populated\">\n\t\t\t\t\t\t\t\t<div class=\"elementor-element elementor-element-4453b77 elementor-widget elementor-widget-rs-counter\" data-id=\"4453b77\" data-element_type=\"widget\" data-widget_type=\"rs-counter.default\">\n\t\t\t\t<div class=\"elementor-widget-container\">\n\t\t\t\t\t<div class=\"counter-top-area style1\">\r\n\t\t    <div class=\"rs-counter-list\">\r\n\t\t    \t\r\n\t\t    \t\t\t    \t\t       \r\n\t\t\t    <div class=\"count-text\">\r\n\t\t\t    \t<div class=\"count-number\">\r\n\t\t\t    \t\t\t\t\t    \t\t\t<span class=\"rs-counter\"> 250<\/span>\r\n\t\t\t    \t\t<span class=\"prefix\">+<\/span>\t\t\t    \t<\/div>\r\n\r\n\t\t\t    \t\t\t\t    \t\t<span class=\"title\">  TES\u0130SAT PROJE\u0130<\/span>\t\r\n\t\t\t    \t\t\r\n\r\n\t\t\t    <\/div>\r\n\t\t\t<\/div>\r\n\t\t<\/div>\t\t\r\n\t\t\t<\/div>\n\t\t\t\t<\/div>\n\t\t\t\t\t<\/div>\n\t\t<\/div>\n\t\t\t\t<div class=\"elementor-column elementor-col-25 elementor-inner-column elementor-element elementor-element-770440b\" data-id=\"770440b\" data-element_type=\"column\">\n\t\t\t<div class=\"elementor-widget-wrap elementor-element-populated\">\n\t\t\t\t\t\t\t\t<div class=\"elementor-element elementor-element-b6961e4 elementor-widget elementor-widget-rs-counter\" data-id=\"b6961e4\" data-element_type=\"widget\" data-widget_type=\"rs-counter.default\">\n\t\t\t\t<div class=\"elementor-widget-container\">\n\t\t\t\t\t<div class=\"counter-top-area style1\">\r\n\t\t    <div class=\"rs-counter-list\">\r\n\t\t    \t\r\n\t\t    \t\t\t    \t\t       \r\n\t\t\t    <div class=\"count-text\">\r\n\t\t\t    \t<div class=\"count-number\">\r\n\t\t\t    \t\t\t\t\t    \t\t\t<span class=\"rs-counter\"> 160<\/span>\r\n\t\t\t    \t\t<span class=\"prefix\">+<\/span>\t\t\t    \t<\/div>\r\n\r\n\t\t\t    \t\t\t\t    \t\t<span class=\"title\">  KANAL A\u00c7MA PROJES\u0130<\/span>\t\r\n\t\t\t    \t\t\r\n\r\n\t\t\t    <\/div>\r\n\t\t\t<\/div>\r\n\t\t<\/div>\t\t\r\n\t\t\t<\/div>\n\t\t\t\t<\/div>\n\t\t\t\t\t<\/div>\n\t\t<\/div>\n\t\t\t\t<div class=\"elementor-column elementor-col-25 elementor-inner-column elementor-element elementor-element-ce05132\" data-id=\"ce05132\" data-element_type=\"column\">\n\t\t\t<div class=\"elementor-widget-wrap elementor-element-populated\">\n\t\t\t\t\t\t\t\t<div class=\"elementor-element elementor-element-ff39b9c elementor-widget elementor-widget-rs-counter\" data-id=\"ff39b9c\" data-element_type=\"widget\" data-widget_type=\"rs-counter.default\">\n\t\t\t\t<div class=\"elementor-widget-container\">\n\t\t\t\t\t<div class=\"counter-top-area style1\">\r\n\t\t    <div class=\"rs-counter-list\">\r\n\t\t    \t\r\n\t\t    \t\t\t    \t\t       \r\n\t\t\t    <div class=\"count-text\">\r\n\t\t\t    \t<div class=\"count-number\">\r\n\t\t\t    \t\t\t\t\t    \t\t\t<span class=\"rs-counter\"> 100<\/span>\r\n\t\t\t    \t\t<span class=\"prefix\">+<\/span>\t\t\t    \t<\/div>\r\n\r\n\t\t\t    \t\t\t\t    \t\t<span class=\"title\">  TAD\u0130LAT PROJES\u0130<\/span>\t\r\n\t\t\t    \t\t\r\n\r\n\t\t\t    <\/div>\r\n\t\t\t<\/div>\r\n\t\t<\/div>\t\t\r\n\t\t\t<\/div>\n\t\t\t\t<\/div>\n\t\t\t\t\t<\/div>\n\t\t<\/div>\n\t\t\t\t\t\t\t<\/div>\n\t\t<\/section>\n\t\t\t\t\t<\/div>\n\t\t<\/div>\n\t\t\t\t\t\t\t<\/div>\n\t\t<\/section>\n\t\t\t\t\t\t<\/div>\n\t\t\t\t\t<\/div>\n\t\t","protected":false},"excerpt":{"rendered":"<p>HAKKIMIZDA DEKA TES\u0130SAT Ku\u015fadas\u0131 , Ayd\u0131n , Didim , Bodrum , Milas ve S\u00f6ke B\u00f6lgelerinde profesyonel , uygun fiyatl\u0131 , g\u00fcvenilir s\u0131hhi tesisat hizmetleri. SIHH\u0130 TES\u0130SAT H\u0130ZMETLER\u0130 KANAL A\u00c7MA H\u0130ZMETLER\u0130 SU TES\u0130SATI H\u0130ZMETLER\u0130 TAM\u0130RAT ve TAD\u0130LAT H\u0130ZMETLER\u0130 M\u00dc\u015eTER\u0130 H\u0130ZMETLER\u0130 DEKA TES\u0130SAT PROJELER\u0130 SON 1 YILINDA NELER YAPTIK ? 500 + YILLIK MUTLU M\u00dc\u015eTER\u0130 250 +&#8230;<\/p>\n","protected":false},"author":1,"featured_media":0,"parent":0,"menu_order":0,"comment_status":"closed","ping_status":"closed","template":"","meta":[],"_links":{"self":[{"href":"https:\/\/www.wtdemo.link\/deka\/wp-json\/wp\/v2\/pages\/2114"}],"collection":[{"href":"https:\/\/www.wtdemo.link\/deka\/wp-json\/wp\/v2\/pages"}],"about":[{"href":"https:\/\/www.wtdemo.link\/deka\/wp-json\/wp\/v2\/types\/page"}],"author":[{"embeddable":true,"href":"https:\/\/www.wtdemo.link\/deka\/wp-json\/wp\/v2\/users\/1"}],"replies":[{"embeddable":true,"href":"https:\/\/www.wtdemo.link\/deka\/wp-json\/wp\/v2\/comments?post=2114"}],"version-history":[{"count":18,"href":"https:\/\/www.wtdemo.link\/deka\/wp-json\/wp\/v2\/pages\/2114\/revisions"}],"predecessor-version":[{"id":13135,"href":"https:\/\/www.wtdemo.link\/deka\/wp-json\/wp\/v2\/pages\/2114\/revisions\/13135"}],"wp:attachment":[{"href":"https:\/\/www.wtdemo.link\/deka\/wp-json\/wp\/v2\/media?parent=2114"}],"curies":[{"name":"wp","href":"https:\/\/api.w.org\/{rel}","templated":true}]}}