{"id":2152,"date":"2020-05-05T07:49:39","date_gmt":"2020-05-05T07:49:39","guid":{"rendered":"http:\/\/rstheme.com\/products\/wordpress\/reobiz\/?page_id=2152"},"modified":"2021-04-19T02:58:43","modified_gmt":"2021-04-18T23:58:43","slug":"hizmetlerimiz","status":"publish","type":"page","link":"https:\/\/www.wtdemo.link\/deka\/hizmetlerimiz\/","title":{"rendered":"H\u0130ZMETLER\u0130M\u0130Z"},"content":{"rendered":"\t\t<div data-elementor-type=\"wp-page\" data-elementor-id=\"2152\" class=\"elementor elementor-2152\" data-elementor-settings=\"[]\">\n\t\t\t\t\t\t\t<div class=\"elementor-section-wrap\">\n\t\t\t\t\t\t\t<section class=\"elementor-section elementor-top-section elementor-element elementor-element-74078684 elementor-section-full_width elementor-section-stretched elementor-section-height-default elementor-section-height-default\" data-id=\"74078684\" data-element_type=\"section\" data-settings=\"{&quot;stretch_section&quot;:&quot;section-stretched&quot;,&quot;background_background&quot;:&quot;classic&quot;}\">\n\t\t\t\t\t\t\t<div class=\"elementor-background-overlay\"><\/div>\n\t\t\t\t\t\t\t<div class=\"elementor-container elementor-column-gap-no\">\n\t\t\t\t\t<div class=\"elementor-column elementor-col-25 elementor-top-column elementor-element elementor-element-3446a920\" data-id=\"3446a920\" data-element_type=\"column\">\n\t\t\t<div class=\"elementor-widget-wrap\">\n\t\t\t\t\t\t\t\t\t<\/div>\n\t\t<\/div>\n\t\t\t\t<div class=\"elementor-column elementor-col-25 elementor-top-column elementor-element elementor-element-78e0264c\" data-id=\"78e0264c\" data-element_type=\"column\" data-settings=\"{&quot;background_background&quot;:&quot;classic&quot;}\">\n\t\t\t<div class=\"elementor-widget-wrap elementor-element-populated\">\n\t\t\t\t\t\t\t\t<div class=\"elementor-element elementor-element-5ec035e9 elementor-widget elementor-widget-rs-iconbox\" data-id=\"5ec035e9\" data-element_type=\"widget\" data-widget_type=\"rs-iconbox.default\">\n\t\t\t\t<div class=\"elementor-widget-container\">\n\t\t\t\t\r\n\t\t<div class=\"rs-iconbox-area rs-animation-yes\">\r\n\t\t    <div class=\"box-inner\">\r\n\t\t    \t\r\n\t\t    \t\t<div class=\"icon-area elementor-animation-wobble-horizontal\">\r\n\t\t\t    \t\t\r\n\t\t\t    \t\t\t\t\t    \t\t\t\t\t\t    \t\t\t\t<a href=\"#\"><img src=\"https:\/\/www.wtdemo.link\/deka\/wp-content\/uploads\/2021\/04\/sihhi-tesisat.png\" alt=\"image\"\/><\/a>\r\n\t\t\t    \t\t\t\t\t\t    \t\t\t\t    \t\t<\/div>\r\n\t\t    \t      \r\n\t\t\t    <div class=\"text-area\">\r\n\t\t\t    \t\t\t\t\t    \t<div class=\"iconbox-title\">\r\n\t\t\t\t    \t\t\t\r\n\t\t\t\t    \t\t\t\t\t\t\t    \t\t\t\r\n\t\t\t\t    \t\t<h3 class=\"title\"> \r\n\t\t\t\t    \t\t\t\t\t\t    \t\t\t<a href=\"#\"  >SIHH\u0130 TES\u0130SAT H\u0130ZMETLER\u0130<\/a>\r\n\t\t\t\t    \t\t\t\t\t\t    \t\t<\/h3>\r\n\r\n\t\t\t\t    \t\t\t\t\t\t    \t\t\r\n\t\t\t\t    \t<\/div>\r\n\r\n\t\t\t    \t\t\r\n\t\t\t    \t\t\t\t    \t\t<p class=\"services-txt\">  S\u0131hhi tesisat, yap\u0131 i\u00e7in gerekli olan suyun temini, depolanmas\u0131, \u0131s\u0131t\u0131lmas\u0131, yumu\u015fat\u0131lmas\u0131, bas\u0131n\u00e7land\u0131r\u0131lmas\u0131 ve da\u011f\u0131t\u0131m\u0131, pis suyun at\u0131lmas\u0131, at\u0131k suyun ar\u0131t\u0131lmas\u0131, ya\u011fmur suyu tahliyesi ve yang\u0131n s\u00f6nd\u00fcrme konular\u0131n\u0131 i\u00e7erir.<\/p>\t\r\n\t\t\t    \t\t\r\n\t\t\t    <\/div>\r\n\r\n\t\t        \r\n\r\n\t\t\t    \r\n\t\t\t<\/div>\r\n\t\t<\/div>\t\r\n\t\t\t<\/div>\n\t\t\t\t<\/div>\n\t\t\t\t<div class=\"elementor-element elementor-element-794081e2 elementor-widget elementor-widget-spacer\" data-id=\"794081e2\" data-element_type=\"widget\" data-widget_type=\"spacer.default\">\n\t\t\t\t<div class=\"elementor-widget-container\">\n\t\t\t\t\t<div class=\"elementor-spacer\">\n\t\t\t<div class=\"elementor-spacer-inner\"><\/div>\n\t\t<\/div>\n\t\t\t\t<\/div>\n\t\t\t\t<\/div>\n\t\t\t\t<div class=\"elementor-element elementor-element-33fa8454 elementor-widget elementor-widget-rs-iconbox\" data-id=\"33fa8454\" data-element_type=\"widget\" data-widget_type=\"rs-iconbox.default\">\n\t\t\t\t<div class=\"elementor-widget-container\">\n\t\t\t\t\r\n\t\t<div class=\"rs-iconbox-area rs-animation-yes\">\r\n\t\t    <div class=\"box-inner\">\r\n\t\t    \t\r\n\t\t    \t\t<div class=\"icon-area elementor-animation-wobble-horizontal\">\r\n\t\t\t    \t\t\r\n\t\t\t    \t\t\t\t\t    \t\t\t\t\t\t    \t\t\t\t<a href=\"#\"><img src=\"https:\/\/www.wtdemo.link\/deka\/wp-content\/uploads\/2021\/04\/su-tesisati.png\" alt=\"image\"\/><\/a>\r\n\t\t\t    \t\t\t\t\t\t    \t\t\t\t    \t\t<\/div>\r\n\t\t    \t      \r\n\t\t\t    <div class=\"text-area\">\r\n\t\t\t    \t\t\t\t\t    \t<div class=\"iconbox-title\">\r\n\t\t\t\t    \t\t\t\r\n\t\t\t\t    \t\t\t\t\t\t\t    \t\t\t\r\n\t\t\t\t    \t\t<h3 class=\"title\"> \r\n\t\t\t\t    \t\t\t\t\t\t    \t\t\t<a href=\"#\"  >SU TES\u0130SATI H\u0130ZMETLER\u0130<\/a>\r\n\t\t\t\t    \t\t\t\t\t\t    \t\t<\/h3>\r\n\r\n\t\t\t\t    \t\t\t\t\t\t    \t\t\r\n\t\t\t\t    \t<\/div>\r\n\r\n\t\t\t    \t\t\r\n\t\t\t    \t\t\t\t    \t\t<p class=\"services-txt\">  Tesisat herhangi bir sistem olan s\u0131v\u0131lar\u0131 geni\u015f bir uygulama yelpazesi i\u00e7in; \u0131s\u0131tma ve so\u011futma , at\u0131k giderme ve i\u00e7ilebilir su da\u011f\u0131t\u0131m\u0131 s\u0131hhi tesisat i\u00e7in en yayg\u0131n kullan\u0131m alanlar\u0131ndan biridir; Ancak s\u0131hhi tesisat bu uygulamalarla s\u0131n\u0131rl\u0131 de\u011fildir.\n<\/p>\t\r\n\t\t\t    \t\t\r\n\t\t\t    <\/div>\r\n\r\n\t\t        \r\n\r\n\t\t\t    \r\n\t\t\t<\/div>\r\n\t\t<\/div>\t\r\n\t\t\t<\/div>\n\t\t\t\t<\/div>\n\t\t\t\t\t<\/div>\n\t\t<\/div>\n\t\t\t\t<div class=\"elementor-column elementor-col-25 elementor-top-column elementor-element elementor-element-6fffa14e\" data-id=\"6fffa14e\" data-element_type=\"column\" data-settings=\"{&quot;background_background&quot;:&quot;classic&quot;}\">\n\t\t\t<div class=\"elementor-widget-wrap elementor-element-populated\">\n\t\t\t\t\t\t\t\t<div class=\"elementor-element elementor-element-75effe22 elementor-widget elementor-widget-rs-iconbox\" data-id=\"75effe22\" data-element_type=\"widget\" data-widget_type=\"rs-iconbox.default\">\n\t\t\t\t<div class=\"elementor-widget-container\">\n\t\t\t\t\r\n\t\t<div class=\"rs-iconbox-area rs-animation-yes\">\r\n\t\t    <div class=\"box-inner\">\r\n\t\t    \t\r\n\t\t    \t\t<div class=\"icon-area elementor-animation-wobble-horizontal\">\r\n\t\t\t    \t\t\r\n\t\t\t    \t\t\t\t\t    \t\t\t\t\t\t    \t\t\t\t<a href=\"#\"><img src=\"https:\/\/www.wtdemo.link\/deka\/wp-content\/uploads\/2021\/04\/kanal-acma.png\" alt=\"image\"\/><\/a>\r\n\t\t\t    \t\t\t\t\t\t    \t\t\t\t    \t\t<\/div>\r\n\t\t    \t      \r\n\t\t\t    <div class=\"text-area\">\r\n\t\t\t    \t\t\t\t\t    \t<div class=\"iconbox-title\">\r\n\t\t\t\t    \t\t\t\r\n\t\t\t\t    \t\t\t\t\t\t\t    \t\t\t\r\n\t\t\t\t    \t\t<h3 class=\"title\"> \r\n\t\t\t\t    \t\t\t\t\t\t    \t\t\t<a href=\"#\"  >KANAL A\u00c7MA H\u0130ZMETLER\u0130<\/a>\r\n\t\t\t\t    \t\t\t\t\t\t    \t\t<\/h3>\r\n\r\n\t\t\t\t    \t\t\t\t\t\t    \t\t\r\n\t\t\t\t    \t<\/div>\r\n\r\n\t\t\t    \t\t\r\n\t\t\t    \t\t\t\t    \t\t<p class=\"services-txt\">  Pis su giderlerinin t\u0131kanmas\u0131, su tesisatlar\u0131n\u0131n t\u0131kanmas\u0131, su ka\u00e7aklar\u0131 ve kanal a\u00e7ma, g\u00fcnl\u00fck ya\u015fant\u0131m\u0131z\u0131 etkileyen \u00e7ok \u00f6nemli sorunlard\u0131r. Bu sorunlar\u0131n \u00fcstesinden gelmek i\u00e7in, i\u015fin uzman\u0131 teknik servisler devreye girer.<\/p>\t\r\n\t\t\t    \t\t\r\n\t\t\t    <\/div>\r\n\r\n\t\t        \r\n\r\n\t\t\t    \r\n\t\t\t<\/div>\r\n\t\t<\/div>\t\r\n\t\t\t<\/div>\n\t\t\t\t<\/div>\n\t\t\t\t<div class=\"elementor-element elementor-element-70c2f3f7 elementor-widget elementor-widget-spacer\" data-id=\"70c2f3f7\" data-element_type=\"widget\" data-widget_type=\"spacer.default\">\n\t\t\t\t<div class=\"elementor-widget-container\">\n\t\t\t\t\t<div class=\"elementor-spacer\">\n\t\t\t<div class=\"elementor-spacer-inner\"><\/div>\n\t\t<\/div>\n\t\t\t\t<\/div>\n\t\t\t\t<\/div>\n\t\t\t\t<div class=\"elementor-element elementor-element-551921f1 elementor-widget elementor-widget-rs-iconbox\" data-id=\"551921f1\" data-element_type=\"widget\" data-widget_type=\"rs-iconbox.default\">\n\t\t\t\t<div class=\"elementor-widget-container\">\n\t\t\t\t\r\n\t\t<div class=\"rs-iconbox-area rs-animation-yes\">\r\n\t\t    <div class=\"box-inner\">\r\n\t\t    \t\r\n\t\t    \t\t<div class=\"icon-area elementor-animation-wobble-horizontal\">\r\n\t\t\t    \t\t\r\n\t\t\t    \t\t\t\t\t    \t\t\t\t\t\t    \t\t\t\t<a href=\"#\"><img src=\"https:\/\/www.wtdemo.link\/deka\/wp-content\/uploads\/2021\/04\/tadilat-tamirat.png\" alt=\"image\"\/><\/a>\r\n\t\t\t    \t\t\t\t\t\t    \t\t\t\t    \t\t<\/div>\r\n\t\t    \t      \r\n\t\t\t    <div class=\"text-area\">\r\n\t\t\t    \t\t\t\t\t    \t<div class=\"iconbox-title\">\r\n\t\t\t\t    \t\t\t\r\n\t\t\t\t    \t\t\t\t\t\t\t    \t\t\t\r\n\t\t\t\t    \t\t<h3 class=\"title\"> \r\n\t\t\t\t    \t\t\t\t\t\t    \t\t\t<a href=\"#\"  >TAM\u0130RAT TAD\u0130LAT DEKRASYON<\/a>\r\n\t\t\t\t    \t\t\t\t\t\t    \t\t<\/h3>\r\n\r\n\t\t\t\t    \t\t\t\t\t\t    \t\t\r\n\t\t\t\t    \t<\/div>\r\n\r\n\t\t\t    \t\t\r\n\t\t\t    \t\t\t\t    \t\t<p class=\"services-txt\">  Komple i\u00e7 tadilat i\u015fleri , Ma\u011faza tadilat\u0131 , Ev tadilat\u0131 , Ofis tadilat\u0131, Anahtar teslim tadilat i\u015fleri, dekorasyon , ev dekorasyonu , ofis dekorasyonu, s\u0131va ve boya i\u015fleri, mantolama , ses yal\u0131t\u0131m\u0131 , Mutfak ve Banyo tasar\u0131m\u0131 hizmetleri.<\/p>\t\r\n\t\t\t    \t\t\r\n\t\t\t    <\/div>\r\n\r\n\t\t        \r\n\r\n\t\t\t    \r\n\t\t\t<\/div>\r\n\t\t<\/div>\t\r\n\t\t\t<\/div>\n\t\t\t\t<\/div>\n\t\t\t\t\t<\/div>\n\t\t<\/div>\n\t\t\t\t<div class=\"elementor-column elementor-col-25 elementor-top-column elementor-element elementor-element-56361d43\" data-id=\"56361d43\" data-element_type=\"column\">\n\t\t\t<div class=\"elementor-widget-wrap\">\n\t\t\t\t\t\t\t\t\t<\/div>\n\t\t<\/div>\n\t\t\t\t\t\t\t<\/div>\n\t\t<\/section>\n\t\t\t\t<section class=\"elementor-section elementor-top-section elementor-element elementor-element-a2bf3e9 elementor-section-content-top elementor-section-boxed elementor-section-height-default elementor-section-height-default\" data-id=\"a2bf3e9\" data-element_type=\"section\" data-settings=\"{&quot;background_background&quot;:&quot;classic&quot;}\">\n\t\t\t\t\t\t<div class=\"elementor-container elementor-column-gap-default\">\n\t\t\t\t\t<div class=\"elementor-column elementor-col-50 elementor-top-column elementor-element elementor-element-5015fd6\" data-id=\"5015fd6\" data-element_type=\"column\" data-settings=\"{&quot;background_background&quot;:&quot;classic&quot;}\">\n\t\t\t<div class=\"elementor-widget-wrap\">\n\t\t\t\t\t\t\t\t\t<\/div>\n\t\t<\/div>\n\t\t\t\t<div class=\"elementor-column elementor-col-50 elementor-top-column elementor-element elementor-element-e0e8f03\" data-id=\"e0e8f03\" data-element_type=\"column\" data-settings=\"{&quot;background_background&quot;:&quot;classic&quot;}\">\n\t\t\t<div class=\"elementor-widget-wrap elementor-element-populated\">\n\t\t\t\t\t<div class=\"elementor-background-overlay\"><\/div>\n\t\t\t\t\t\t\t\t<section class=\"elementor-section elementor-inner-section elementor-element elementor-element-5aa35b5 elementor-section-boxed elementor-section-height-default elementor-section-height-default\" data-id=\"5aa35b5\" data-element_type=\"section\">\n\t\t\t\t\t\t<div class=\"elementor-container elementor-column-gap-default\">\n\t\t\t\t\t<div class=\"elementor-column elementor-col-100 elementor-inner-column elementor-element elementor-element-d4bd5a7\" data-id=\"d4bd5a7\" data-element_type=\"column\">\n\t\t\t<div class=\"elementor-widget-wrap elementor-element-populated\">\n\t\t\t\t\t\t\t\t<div class=\"elementor-element elementor-element-b0e6a92 elementor-widget elementor-widget-rs-heading\" data-id=\"b0e6a92\" data-element_type=\"widget\" data-widget_type=\"rs-heading.default\">\n\t\t\t\t<div class=\"elementor-widget-container\">\n\t\t\t        <div class=\"rs-heading default  \">\r\n        \t<div class=\"title-inner\">\r\n        \t\t      \t\t\r\n\t            <span class=\"sub-text \">Let's Talk<\/span><h2 class=\"title\"><span class=\"watermark\"><\/span>Request a Free Quote<\/h2>\t        <\/div>\r\n\t                <\/div>\r\n\r\n        \t\t<\/div>\n\t\t\t\t<\/div>\n\t\t\t\t<div class=\"elementor-element elementor-element-21ee90a elementor-widget elementor-widget-rs-cf7\" data-id=\"21ee90a\" data-element_type=\"widget\" data-widget_type=\"rs-cf7.default\">\n\t\t\t\t<div class=\"elementor-widget-container\">\n\t\t\t<div role=\"form\" class=\"wpcf7\" id=\"wpcf7-f2078-o1\" lang=\"en-US\" dir=\"ltr\">\n<div class=\"screen-reader-response\"><p role=\"status\" aria-live=\"polite\" aria-atomic=\"true\"><\/p> <ul><\/ul><\/div>\n<form action=\"\/deka\/wp-json\/wp\/v2\/pages\/2152#wpcf7-f2078-o1\" method=\"post\" class=\"wpcf7-form init\" novalidate=\"novalidate\" data-status=\"init\">\n<div style=\"display: none;\">\n<input type=\"hidden\" name=\"_wpcf7\" value=\"2078\" \/>\n<input type=\"hidden\" name=\"_wpcf7_version\" value=\"5.4\" \/>\n<input type=\"hidden\" name=\"_wpcf7_locale\" value=\"en_US\" \/>\n<input type=\"hidden\" name=\"_wpcf7_unit_tag\" value=\"wpcf7-f2078-o1\" \/>\n<input type=\"hidden\" name=\"_wpcf7_container_post\" value=\"0\" \/>\n<input type=\"hidden\" name=\"_wpcf7_posted_data_hash\" value=\"\" \/>\n<\/div>\n<div class=\"row\">\n<div class=\"col-sm-6\"><span class=\"wpcf7-form-control-wrap your-name\"><input type=\"text\" name=\"your-name\" value=\"\" size=\"40\" class=\"wpcf7-form-control wpcf7-text wpcf7-validates-as-required\" aria-required=\"true\" aria-invalid=\"false\" placeholder=\"Name\" \/><\/span><\/div>\n<div class=\"col-sm-6\"><span class=\"wpcf7-form-control-wrap your-email\"><input type=\"email\" name=\"your-email\" value=\"\" size=\"40\" class=\"wpcf7-form-control wpcf7-text wpcf7-email wpcf7-validates-as-required wpcf7-validates-as-email\" aria-required=\"true\" aria-invalid=\"false\" placeholder=\"E-Mail\" \/><\/span><\/div>\n<div class=\"col-sm-6\"><span class=\"wpcf7-form-control-wrap your-phone\"><input type=\"text\" name=\"your-phone\" value=\"\" size=\"40\" class=\"wpcf7-form-control wpcf7-text wpcf7-validates-as-required\" aria-required=\"true\" aria-invalid=\"false\" placeholder=\"Phone Number\" \/><\/span><\/div>\n<div class=\"col-sm-6\"><span class=\"wpcf7-form-control-wrap your-website\"><input type=\"text\" name=\"your-website\" value=\"\" size=\"40\" class=\"wpcf7-form-control wpcf7-text\" aria-invalid=\"false\" placeholder=\"Your Website\" \/><\/span><\/div>\n<div class=\"col-sm-12\"><span class=\"wpcf7-form-control-wrap your-message\"><textarea name=\"your-message\" cols=\"40\" rows=\"10\" class=\"wpcf7-form-control wpcf7-textarea\" aria-invalid=\"false\" placeholder=\"Your Message Here\"><\/textarea><\/span><\/div>\n<div class=\"form-button col-sm-12\">\n<p class=\"submit-btn\"><input type=\"submit\" value=\"Submit Now\" class=\"wpcf7-form-control wpcf7-submit\" \/><\/p>\n<\/div>\n<\/div>\n<div class=\"wpcf7-response-output\" aria-hidden=\"true\"><\/div><\/form><\/div>\t\t<\/div>\n\t\t\t\t<\/div>\n\t\t\t\t\t<\/div>\n\t\t<\/div>\n\t\t\t\t\t\t\t<\/div>\n\t\t<\/section>\n\t\t\t\t\t<\/div>\n\t\t<\/div>\n\t\t\t\t\t\t\t<\/div>\n\t\t<\/section>\n\t\t\t\t\t\t<\/div>\n\t\t\t\t\t<\/div>\n\t\t","protected":false},"excerpt":{"rendered":"<p>SIHH\u0130 TES\u0130SAT H\u0130ZMETLER\u0130 S\u0131hhi tesisat, yap\u0131 i\u00e7in gerekli olan suyun temini, depolanmas\u0131, \u0131s\u0131t\u0131lmas\u0131, yumu\u015fat\u0131lmas\u0131, bas\u0131n\u00e7land\u0131r\u0131lmas\u0131 ve da\u011f\u0131t\u0131m\u0131, pis suyun at\u0131lmas\u0131, at\u0131k suyun ar\u0131t\u0131lmas\u0131, ya\u011fmur suyu tahliyesi ve yang\u0131n s\u00f6nd\u00fcrme konular\u0131n\u0131 i\u00e7erir. SU TES\u0130SATI H\u0130ZMETLER\u0130 Tesisat herhangi bir sistem olan s\u0131v\u0131lar\u0131 geni\u015f bir uygulama yelpazesi i\u00e7in; \u0131s\u0131tma ve so\u011futma , at\u0131k giderme ve i\u00e7ilebilir su da\u011f\u0131t\u0131m\u0131&#8230;<\/p>\n","protected":false},"author":1,"featured_media":0,"parent":0,"menu_order":0,"comment_status":"closed","ping_status":"closed","template":"","meta":[],"_links":{"self":[{"href":"https:\/\/www.wtdemo.link\/deka\/wp-json\/wp\/v2\/pages\/2152"}],"collection":[{"href":"https:\/\/www.wtdemo.link\/deka\/wp-json\/wp\/v2\/pages"}],"about":[{"href":"https:\/\/www.wtdemo.link\/deka\/wp-json\/wp\/v2\/types\/page"}],"author":[{"embeddable":true,"href":"https:\/\/www.wtdemo.link\/deka\/wp-json\/wp\/v2\/users\/1"}],"replies":[{"embeddable":true,"href":"https:\/\/www.wtdemo.link\/deka\/wp-json\/wp\/v2\/comments?post=2152"}],"version-history":[{"count":6,"href":"https:\/\/www.wtdemo.link\/deka\/wp-json\/wp\/v2\/pages\/2152\/revisions"}],"predecessor-version":[{"id":13137,"href":"https:\/\/www.wtdemo.link\/deka\/wp-json\/wp\/v2\/pages\/2152\/revisions\/13137"}],"wp:attachment":[{"href":"https:\/\/www.wtdemo.link\/deka\/wp-json\/wp\/v2\/media?parent=2152"}],"curies":[{"name":"wp","href":"https:\/\/api.w.org\/{rel}","templated":true}]}}