{"id":267,"date":"2014-08-28T08:48:27","date_gmt":"2014-08-28T08:48:27","guid":{"rendered":"http:\/\/localhost\/redux\/?page_id=267"},"modified":"2020-11-28T23:29:43","modified_gmt":"2020-11-28T20:29:43","slug":"iletisim","status":"publish","type":"page","link":"https:\/\/www.wtdemo.link\/taki-eticaret\/iletisim","title":{"rendered":"\u0130LET\u0130\u015e\u0130M"},"content":{"rendered":"[vc_row css=&#8221;.vc_custom_1526636042224{margin-top: 30px !important;}&#8221;][vc_column][vc_gmaps link=&#8221;#E-8_JTNDaWZyYW1lJTIwc3JjJTNEJTIyaHR0cHMlM0ElMkYlMkZ3d3cuZ29vZ2xlLmNvbSUyRm1hcHMlMkZlbWJlZCUzRnBiJTNEJTIxMW0xOCUyMTFtMTIlMjExbTMlMjExZDYzMDQuODI5OTg2MTMxMjcxJTIxMmQtMTIyLjQ3NDY5NjgwMzMwOTIlMjEzZDM3LjgwMzc0NzUyMTYwNDQzJTIxMm0zJTIxMWYwJTIxMmYwJTIxM2YwJTIxM20yJTIxMWkxMDI0JTIxMmk3NjglMjE0ZjEzLjElMjEzbTMlMjExbTIlMjExczB4ODA4NTg2ZTYzMDI2MTVhMSUyNTNBMHg4NmJkMTMwMjUxNzU3YzAwJTIxMnNTdG9yZXklMkJBdmUlMjUyQyUyQlNhbiUyQkZyYW5jaXNjbyUyNTJDJTJCQ0ElMkI5NDEyOSUyMTVlMCUyMTNtMiUyMTFzZW4lMjEyc3VzJTIxNHYxNDM1ODI2NDMyMDUxJTIyJTIwd2lkdGglM0QlMjI2MDAlMjIlMjBoZWlnaHQlM0QlMjI0NTAlMjIlMjBmcmFtZWJvcmRlciUzRCUyMjAlMjIlMjBzdHlsZSUzRCUyMmJvcmRlciUzQTAlMjIlMjBhbGxvd2Z1bGxzY3JlZW4lM0UlM0MlMkZpZnJhbWUlM0U=&#8221; css=&#8221;.vc_custom_1539914649059{margin-bottom: 0px !important;}&#8221;][\/vc_column][\/vc_row][vc_row el_class=&#8221;page-contact&#8221; css=&#8221;.vc_custom_1530520494931{margin-bottom: 0px !important;padding-bottom: 80px !important;}&#8221;][vc_column width=&#8221;1\/2&#8243; el_class=&#8221;contact-form&#8221;][vc_column_text]\n<h2>Tell us our project<\/h2>\n[\/vc_column_text][contact-form-7 404 \"Bulunamad\u0131\"][\/vc_column][vc_column width=&#8221;1\/2&#8243; el_class=&#8221;contact-infor&#8221;][vc_column_text]\n<h2>Contact Us<\/h2>\n[\/vc_column_text][vc_column_text]Claritas est etiam processus dynamicus, qui sequitur mutationem consuetudium lectorum. Mirum est notare quam littera gothica, quam nunc putamus parum claram anteposuerit litterarum formas human.<\/p>\n[\/vc_column_text][vc_column_text el_class=&#8221;address&#8221;]\n<ul>\n<li><i class=\"fa fa-fax\">\u00a0<\/i> Address : No 40 Baria Sreet 133\/2 NewYork City<\/li>\n<li><i class=\"fa fa-phone\">\u00a0<\/i> Infor@chairman.com<\/li>\n<li><i class=\"fa fa-envelope-o\">\u00a0<\/i> 0(1234) 567 890<\/li>\n<\/ul>\n[\/vc_column_text][vc_column_text]\n<h3><strong>Working hours<\/strong><\/h3>\n<p><strong>Monday &#8211; Saturday<\/strong>: \u00a008AM &#8211; 22PM[\/vc_column_text][\/vc_column][\/vc_row]\n","protected":false},"excerpt":{"rendered":"<p>[vc_row css=&#8221;.vc_custom_1526636042224{margin-top: 30px !important;}&#8221;][vc_column][vc_gmaps link=&#8221;#E-8_JTNDaWZyYW1lJTIwc3JjJTNEJTIyaHR0cHMlM0ElMkYlMkZ3d3cuZ29vZ2xlLmNvbSUyRm1hcHMlMkZlbWJlZCUzRnBiJTNEJTIxMW0xOCUyMTFtMTIlMjExbTMlMjExZDYzMDQuODI5OTg2MTMxMjcxJTIxMmQtMTIyLjQ3NDY5NjgwMzMwOTIlMjEzZDM3LjgwMzc0NzUyMTYwNDQzJTIxMm0zJTIxMWYwJTIxMmYwJTIxM2YwJTIxM20yJTIxMWkxMDI0JTIxMmk3NjglMjE0ZjEzLjElMjEzbTMlMjExbTIlMjExczB4ODA4NTg2ZTYzMDI2MTVhMSUyNTNBMHg4NmJkMTMwMjUxNzU3YzAwJTIxMnNTdG9yZXklMkJBdmUlMjUyQyUyQlNhbiUyQkZyYW5jaXNjbyUyNTJDJTJCQ0ElMkI5NDEyOSUyMTVlMCUyMTNtMiUyMTFzZW4lMjEyc3VzJTIxNHYxNDM1ODI2NDMyMDUxJTIyJTIwd2lkdGglM0QlMjI2MDAlMjIlMjBoZWlnaHQlM0QlMjI0NTAlMjIlMjBmcmFtZWJvcmRlciUzRCUyMjAlMjIlMjBzdHlsZSUzRCUyMmJvcmRlciUzQTAlMjIlMjBhbGxvd2Z1bGxzY3JlZW4lM0UlM0MlMkZpZnJhbWUlM0U=&#8221; css=&#8221;.vc_custom_1539914649059{margin-bottom: 0px !important;}&#8221;][\/vc_column][\/vc_row][vc_row el_class=&#8221;page-contact&#8221; css=&#8221;.vc_custom_1530520494931{margin-bottom: 0px !important;padding-bottom: 80px !important;}&#8221;][vc_column width=&#8221;1\/2&#8243; el_class=&#8221;contact-form&#8221;][vc_column_text] Tell us our project [\/vc_column_text][\/vc_column][vc_column width=&#8221;1\/2&#8243;<\/p>\n","protected":false},"author":1,"featured_media":0,"parent":0,"menu_order":0,"comment_status":"open","ping_status":"open","template":"page-templates\/contact-page.php","meta":[],"_links":{"self":[{"href":"https:\/\/www.wtdemo.link\/taki-eticaret\/wp-json\/wp\/v2\/pages\/267"}],"collection":[{"href":"https:\/\/www.wtdemo.link\/taki-eticaret\/wp-json\/wp\/v2\/pages"}],"about":[{"href":"https:\/\/www.wtdemo.link\/taki-eticaret\/wp-json\/wp\/v2\/types\/page"}],"author":[{"embeddable":true,"href":"https:\/\/www.wtdemo.link\/taki-eticaret\/wp-json\/wp\/v2\/users\/1"}],"replies":[{"embeddable":true,"href":"https:\/\/www.wtdemo.link\/taki-eticaret\/wp-json\/wp\/v2\/comments?post=267"}],"version-history":[{"count":1,"href":"https:\/\/www.wtdemo.link\/taki-eticaret\/wp-json\/wp\/v2\/pages\/267\/revisions"}],"predecessor-version":[{"id":14916,"href":"https:\/\/www.wtdemo.link\/taki-eticaret\/wp-json\/wp\/v2\/pages\/267\/revisions\/14916"}],"wp:attachment":[{"href":"https:\/\/www.wtdemo.link\/taki-eticaret\/wp-json\/wp\/v2\/media?parent=267"}],"curies":[{"name":"wp","href":"https:\/\/api.w.org\/{rel}","templated":true}]}}