{"id":8,"date":"2020-11-28T16:48:36","date_gmt":"2020-11-28T13:48:36","guid":{"rendered":"https:\/\/www.wtdemo.link\/taki-eticaret\/cart\/"},"modified":"2020-11-29T00:37:36","modified_gmt":"2020-11-28T21:37:36","slug":"alisveris-sepeti","status":"publish","type":"page","link":"https:\/\/www.wtdemo.link\/taki-eticaret\/alisveris-sepeti","title":{"rendered":"ALI\u015eVER\u0130\u015e SEPET\u0130"},"content":{"rendered":"\n","protected":false},"excerpt":{"rendered":"","protected":false},"author":1,"featured_media":0,"parent":0,"menu_order":0,"comment_status":"closed","ping_status":"closed","template":"","meta":[],"_links":{"self":[{"href":"https:\/\/www.wtdemo.link\/taki-eticaret\/wp-json\/wp\/v2\/pages\/8"}],"collection":[{"href":"https:\/\/www.wtdemo.link\/taki-eticaret\/wp-json\/wp\/v2\/pages"}],"about":[{"href":"https:\/\/www.wtdemo.link\/taki-eticaret\/wp-json\/wp\/v2\/types\/page"}],"author":[{"embeddable":true,"href":"https:\/\/www.wtdemo.link\/taki-eticaret\/wp-json\/wp\/v2\/users\/1"}],"replies":[{"embeddable":true,"href":"https:\/\/www.wtdemo.link\/taki-eticaret\/wp-json\/wp\/v2\/comments?post=8"}],"version-history":[{"count":1,"href":"https:\/\/www.wtdemo.link\/taki-eticaret\/wp-json\/wp\/v2\/pages\/8\/revisions"}],"predecessor-version":[{"id":14919,"href":"https:\/\/www.wtdemo.link\/taki-eticaret\/wp-json\/wp\/v2\/pages\/8\/revisions\/14919"}],"wp:attachment":[{"href":"https:\/\/www.wtdemo.link\/taki-eticaret\/wp-json\/wp\/v2\/media?parent=8"}],"curies":[{"name":"wp","href":"https:\/\/api.w.org\/{rel}","templated":true}]}}